{"id":167,"date":"2016-10-28T19:07:53","date_gmt":"2016-10-28T18:07:53","guid":{"rendered":"http:\/\/localhost:8888\/fr\/?page_id=167"},"modified":"2016-10-28T19:07:53","modified_gmt":"2016-10-28T18:07:53","slug":"termes","status":"publish","type":"page","link":"https:\/\/www.hprdisplays.com\/fr\/termes\/","title":{"rendered":"Termes et Conditions"},"content":{"rendered":"<div id=\"left-column\">\n<p>&#8211; Nouveaux clients sont C.O.D. jusqu\u2019\u00e0 autorisation de cr\u00e9dit.<\/p>\n<p>&#8211; Les commandes doivent totaliser au minimum 200$.<\/p>\n<p>&#8211; Net 30 : Nous offrons le service de paiement Net 30-jours \u00e0 nos clients dont la demande de cr\u00e9dit est approuv\u00e9e. Un formulaire de demande de cr\u00e9dit doit \u00eatre compl\u00e9t\u00e9 avec les r\u00e9f\u00e9rences n\u00e9cessaires. Veuillez, s\u2019il-vous-pla\u00eet, accorder de 3 \u00e0 4 semaines pour le traitement de la demande. Informez-vous aupr\u00e8s de nos repr\u00e9sentants des ventes pour plus de d\u00e9tails.<\/p>\n<\/div>\n","protected":false},"excerpt":{"rendered":"<p>&#8211; Nouveaux clients sont C.O.D. jusqu\u2019\u00e0 autorisation de cr\u00e9dit. &#8211; Les commandes doivent totaliser au minimum 200$. &#8211; Net 30 : Nous offrons le service de paiement Net 30-jours \u00e0 nos clients dont la demande de cr\u00e9dit est approuv\u00e9e. Un formulaire de demande de cr\u00e9dit doit \u00eatre compl\u00e9t\u00e9 avec les r\u00e9f\u00e9rences n\u00e9cessaires. Veuillez, s\u2019il-vous-pla\u00eet, accorder de 3 \u00e0 4 semaines &#8230; <a href=\"https:\/\/www.hprdisplays.com\/fr\/termes\/\" class=\"more-link\">Read More<\/a><\/p>\n","protected":false},"author":1,"featured_media":0,"parent":0,"menu_order":0,"comment_status":"closed","ping_status":"closed","template":"","meta":{"_monsterinsights_skip_tracking":false,"_monsterinsights_sitenote_active":false,"_monsterinsights_sitenote_note":"","_monsterinsights_sitenote_category":0,"footnotes":""},"class_list":["post-167","page","type-page","status-publish","hentry","no-post-thumbnail"],"_links":{"self":[{"href":"https:\/\/www.hprdisplays.com\/fr\/wp-json\/wp\/v2\/pages\/167","targetHints":{"allow":["GET"]}}],"collection":[{"href":"https:\/\/www.hprdisplays.com\/fr\/wp-json\/wp\/v2\/pages"}],"about":[{"href":"https:\/\/www.hprdisplays.com\/fr\/wp-json\/wp\/v2\/types\/page"}],"author":[{"embeddable":true,"href":"https:\/\/www.hprdisplays.com\/fr\/wp-json\/wp\/v2\/users\/1"}],"replies":[{"embeddable":true,"href":"https:\/\/www.hprdisplays.com\/fr\/wp-json\/wp\/v2\/comments?post=167"}],"version-history":[{"count":0,"href":"https:\/\/www.hprdisplays.com\/fr\/wp-json\/wp\/v2\/pages\/167\/revisions"}],"wp:attachment":[{"href":"https:\/\/www.hprdisplays.com\/fr\/wp-json\/wp\/v2\/media?parent=167"}],"curies":[{"name":"wp","href":"https:\/\/api.w.org\/{rel}","templated":true}]}}