{"id":162,"date":"2016-10-28T18:45:40","date_gmt":"2016-10-28T17:45:40","guid":{"rendered":"http:\/\/localhost:8888\/fr\/?page_id=162"},"modified":"2016-10-28T18:45:40","modified_gmt":"2016-10-28T17:45:40","slug":"services","status":"publish","type":"page","link":"https:\/\/www.hprdisplays.com\/fr\/services\/","title":{"rendered":"Services"},"content":{"rendered":"<p>Nous vous encourageons \u00e0 b\u00e9n\u00e9ficier de nos services professionnels ci-dessous.<\/p>\n<h2>Consultation Montage pour Magasin<\/h2>\n<p>Notre niveau d\u2019exp\u00e9rience est incomparable et nous consultons sur une base r\u00e9guli\u00e8re avec une vari\u00e9t\u00e9 consid\u00e9rable d\u2019entreprises. Gr\u00e2ce \u00e0 nos nombreuses ann\u00e9es d\u2019exp\u00e9rience, nous connaissons les demandes et tendances du march\u00e9 des ventes et sommes en mesure de r\u00e9pondre \u00e0 vos interrogations. Notre personnel expert et amical vous aidera \u00e0 cibler ce dont vous recherchez pour votre commerce. Nous concevons chaque montage avec vos clients \u00e0 l\u2019esprit.<\/p>\n<h2>Service d\u2019Installation<\/h2>\n<p>Certains de nos clients d\u00e9sirent de l\u2019aide pour l\u2019installation de leur montage ou pr\u00e9sentoir. Nous sommes heureux d\u2019offrir les services professionnels de notre \u00e9quipe d\u2019installation selon vos d\u00e9sirs et besoins.<\/p>\n<h2>Service de Livraison<\/h2>\n<p>L\u2019exp\u00e9dition de notre marchandise est toujours livr\u00e9e sans d\u00e9lais. Nous offrons un service de livraison personnalis\u00e9 dans toute la r\u00e9gion de Montr\u00e9al.<\/p>\n","protected":false},"excerpt":{"rendered":"<p>Nous vous encourageons \u00e0 b\u00e9n\u00e9ficier de nos services professionnels ci-dessous. Consultation Montage pour Magasin Notre niveau d\u2019exp\u00e9rience est incomparable et nous consultons sur une base r\u00e9guli\u00e8re avec une vari\u00e9t\u00e9 consid\u00e9rable d\u2019entreprises. Gr\u00e2ce \u00e0 nos nombreuses ann\u00e9es d\u2019exp\u00e9rience, nous connaissons les demandes et tendances du march\u00e9 des ventes et sommes en mesure de r\u00e9pondre \u00e0 vos interrogations. Notre personnel expert et &#8230; <a href=\"https:\/\/www.hprdisplays.com\/fr\/services\/\" class=\"more-link\">Read More<\/a><\/p>\n","protected":false},"author":1,"featured_media":0,"parent":0,"menu_order":0,"comment_status":"closed","ping_status":"closed","template":"","meta":{"_monsterinsights_skip_tracking":false,"_monsterinsights_sitenote_active":false,"_monsterinsights_sitenote_note":"","_monsterinsights_sitenote_category":0,"footnotes":""},"class_list":["post-162","page","type-page","status-publish","hentry","no-post-thumbnail"],"_links":{"self":[{"href":"https:\/\/www.hprdisplays.com\/fr\/wp-json\/wp\/v2\/pages\/162","targetHints":{"allow":["GET"]}}],"collection":[{"href":"https:\/\/www.hprdisplays.com\/fr\/wp-json\/wp\/v2\/pages"}],"about":[{"href":"https:\/\/www.hprdisplays.com\/fr\/wp-json\/wp\/v2\/types\/page"}],"author":[{"embeddable":true,"href":"https:\/\/www.hprdisplays.com\/fr\/wp-json\/wp\/v2\/users\/1"}],"replies":[{"embeddable":true,"href":"https:\/\/www.hprdisplays.com\/fr\/wp-json\/wp\/v2\/comments?post=162"}],"version-history":[{"count":0,"href":"https:\/\/www.hprdisplays.com\/fr\/wp-json\/wp\/v2\/pages\/162\/revisions"}],"wp:attachment":[{"href":"https:\/\/www.hprdisplays.com\/fr\/wp-json\/wp\/v2\/media?parent=162"}],"curies":[{"name":"wp","href":"https:\/\/api.w.org\/{rel}","templated":true}]}}