{"id":153,"date":"2016-10-28T18:22:17","date_gmt":"2016-10-28T17:22:17","guid":{"rendered":"http:\/\/localhost:8888\/fr\/?page_id=153"},"modified":"2016-10-28T18:22:17","modified_gmt":"2016-10-28T17:22:17","slug":"clientele","status":"publish","type":"page","link":"https:\/\/www.hprdisplays.com\/fr\/clientele\/","title":{"rendered":"Client\u00e8le"},"content":{"rendered":"<p>Les Pr\u00e9sentoirs HPR fut l\u2019une des premi\u00e8res compagnies \u00e0 offrir une panoplie de montages et pr\u00e9sentoirs pour les commerces et entrep\u00f4ts. Gr\u00e2ce \u00e0 notre expertise, plusieurs cadres de magasins ont vu leurs ventes augmenter. Nous sommes fiers de vendre nos produits \u00e0 une multitude de secteurs de vente dont:<\/p>\n<ul id=\"\" class=\"x-ul-icons\" style=\"\" >\n<li id=\"\" class=\"x-li-icon\" style=\"\" ><i class=\"x-icon-arrow-circle-right\" aria-hidden=\"true\" style=\"\" data-x-icon-s=\"&#xf0a9;\" ><\/i>D\u00e9panneurs<\/li>\n<li id=\"\" class=\"x-li-icon\" style=\"\" ><i class=\"x-icon-arrow-circle-right\" aria-hidden=\"true\" style=\"\" data-x-icon-s=\"&#xf0a9;\" ><\/i>Centres de Services P\u00e9troliers<\/li>\n<li id=\"\" class=\"x-li-icon\" style=\"\" ><i class=\"x-icon-arrow-circle-right\" aria-hidden=\"true\" style=\"\" data-x-icon-s=\"&#xf0a9;\" ><\/i>Magasins d\u2019un Dollar<\/li>\n<li id=\"\" class=\"x-li-icon\" style=\"\" ><i class=\"x-icon-arrow-circle-right\" aria-hidden=\"true\" style=\"\" data-x-icon-s=\"&#xf0a9;\" ><\/i>Entrep\u00f4ts de Liquidation<\/li>\n<li id=\"\" class=\"x-li-icon\" style=\"\" ><i class=\"x-icon-arrow-circle-right\" aria-hidden=\"true\" style=\"\" data-x-icon-s=\"&#xf0a9;\" ><\/i>\u00c9piceries<\/li>\n<li id=\"\" class=\"x-li-icon\" style=\"\" ><i class=\"x-icon-arrow-circle-right\" aria-hidden=\"true\" style=\"\" data-x-icon-s=\"&#xf0a9;\" ><\/i>Quincailleries<\/li>\n<li id=\"\" class=\"x-li-icon\" style=\"\" ><i class=\"x-icon-arrow-circle-right\" aria-hidden=\"true\" style=\"\" data-x-icon-s=\"&#xf0a9;\" ><\/i>Centres Automobiles<\/li>\n<\/ul>\n","protected":false},"excerpt":{"rendered":"<p>Les Pr\u00e9sentoirs HPR fut l\u2019une des premi\u00e8res compagnies \u00e0 offrir une panoplie de montages et pr\u00e9sentoirs pour les commerces et entrep\u00f4ts. Gr\u00e2ce \u00e0 notre expertise, plusieurs cadres de magasins ont vu leurs ventes augmenter. Nous sommes fiers de vendre nos produits \u00e0 une multitude de secteurs de vente dont:<\/p>\n","protected":false},"author":1,"featured_media":0,"parent":0,"menu_order":0,"comment_status":"closed","ping_status":"closed","template":"","meta":{"_monsterinsights_skip_tracking":false,"_monsterinsights_sitenote_active":false,"_monsterinsights_sitenote_note":"","_monsterinsights_sitenote_category":0,"footnotes":""},"class_list":["post-153","page","type-page","status-publish","hentry","no-post-thumbnail"],"_links":{"self":[{"href":"https:\/\/www.hprdisplays.com\/fr\/wp-json\/wp\/v2\/pages\/153","targetHints":{"allow":["GET"]}}],"collection":[{"href":"https:\/\/www.hprdisplays.com\/fr\/wp-json\/wp\/v2\/pages"}],"about":[{"href":"https:\/\/www.hprdisplays.com\/fr\/wp-json\/wp\/v2\/types\/page"}],"author":[{"embeddable":true,"href":"https:\/\/www.hprdisplays.com\/fr\/wp-json\/wp\/v2\/users\/1"}],"replies":[{"embeddable":true,"href":"https:\/\/www.hprdisplays.com\/fr\/wp-json\/wp\/v2\/comments?post=153"}],"version-history":[{"count":0,"href":"https:\/\/www.hprdisplays.com\/fr\/wp-json\/wp\/v2\/pages\/153\/revisions"}],"wp:attachment":[{"href":"https:\/\/www.hprdisplays.com\/fr\/wp-json\/wp\/v2\/media?parent=153"}],"curies":[{"name":"wp","href":"https:\/\/api.w.org\/{rel}","templated":true}]}}